{"id":251,"date":"2022-11-26T19:12:00","date_gmt":"2022-11-26T19:12:00","guid":{"rendered":"https:\/\/zywieniepsow.pl\/?page_id=251"},"modified":"2025-09-14T12:50:43","modified_gmt":"2025-09-14T12:50:43","slug":"zywienie-psow","status":"publish","type":"page","link":"https:\/\/zywieniepsow.pl\/","title":{"rendered":"\u017bywienie ps\u00f3w"},"content":{"rendered":"<p>\\<img loading=\"lazy\" decoding=\"async\" src=\"https:\/\/zywieniepsow.pl\/wp-content\/uploads\/2024\/04\/iStock-1343559163-1024x683.jpg\" sizes=\"auto, (max-width: 1024px) 100vw, 1024px\" srcset=\"https:\/\/zywieniepsow.pl\/wp-content\/uploads\/2024\/04\/iStock-1343559163-1024x683.jpg 1024w, https:\/\/zywieniepsow.pl\/wp-content\/uploads\/2024\/04\/iStock-1343559163-300x200.jpg 300w, https:\/\/zywieniepsow.pl\/wp-content\/uploads\/2024\/04\/iStock-1343559163-768x512.jpg 768w, https:\/\/zywieniepsow.pl\/wp-content\/uploads\/2024\/04\/iStock-1343559163-1536x1024.jpg 1536w, https:\/\/zywieniepsow.pl\/wp-content\/uploads\/2024\/04\/iStock-1343559163-2048x1365.jpg 2048w\" alt=\"\" width=\"1024\" height=\"683\" \/><\/p>\n<h1>Nasza Misja to dba\u0142o\u015b\u0107 o zdrowie twojego psa<\/h1>\n<p data-start=\"0\" data-end=\"221\">Witamy na stronie dedykowanej zdrowiu Twojego pupila! Jeste\u015bmy zespo\u0142em specjalist\u00f3w z zakresu dietetyki zwierz\u0105t, kt\u00f3rzy oferuj\u0105 indywidualne konsultacje i kompleksowe plany \u017cywieniowe dostosowane do potrzeb Twojego psa.<\/p>\n<p data-start=\"223\" data-end=\"271\"><strong data-start=\"223\" data-end=\"269\">Dlaczego warto skorzysta\u0107 z naszych us\u0142ug?<\/strong><\/p>\n<ul data-start=\"272\" data-end=\"897\">\n<li data-start=\"272\" data-end=\"483\"><strong data-start=\"274\" data-end=\"301\">Indywidualne podej\u015bcie:<\/strong> Ka\u017cdy pies jest inny. Nasz do\u015bwiadczony dietetyk zwierz\u0105t opracuje dla Ciebie spersonalizowany plan \u017cywieniowy, uwzgl\u0119dniaj\u0105cy wiek, ras\u0119, poziom aktywno\u015bci i ewentualne schorzenia.<\/li>\n<li data-start=\"484\" data-end=\"695\"><strong data-start=\"486\" data-end=\"516\">Poprawa zdrowia i energii:<\/strong> Odpowiednio zbilansowana dieta to klucz do d\u0142ugiego, zdrowego i pe\u0142nego energii \u017cycia Twojego czworonoga. Dzi\u0119ki naszym poradom zadbasz o optymalny rozw\u00f3j i kondycj\u0119 swojego psa.<\/li>\n<li data-start=\"696\" data-end=\"897\"><strong data-start=\"698\" data-end=\"734\">Wsparcie i praktyczne wskaz\u00f3wki:<\/strong> Oferujemy nie tylko konsultacje, ale tak\u017ce praktyczne porady, przepisy i aktualno\u015bci ze \u015bwiata \u017cywienia zwierz\u0105t, kt\u00f3re pomog\u0105 Ci w codziennej opiece nad pupilem.<\/li>\n<\/ul>\n<p data-start=\"899\" data-end=\"918\"><strong data-start=\"899\" data-end=\"916\">Nasza oferta:<\/strong><\/p>\n<ul data-start=\"919\" data-end=\"1145\">\n<li data-start=\"919\" data-end=\"957\">Indywidualne konsultacje dietetyczne<\/li>\n<li data-start=\"958\" data-end=\"993\">Spersonalizowane plany \u017cywieniowe<\/li>\n<li data-start=\"994\" data-end=\"1045\">Doradztwo w zakresie suplementacji i wyboru karmy<\/li>\n<li data-start=\"1046\" data-end=\"1145\">Edukacyjne artyku\u0142y i poradniki, kt\u00f3re pomog\u0105 Ci lepiej zrozumie\u0107 potrzeby \u017cywieniowe Twojego psa<\/li>\n<\/ul>\n<p data-start=\"1147\" data-end=\"1408\">Do\u0142\u0105cz do grona w\u0142a\u015bcicieli, kt\u00f3rzy zadbali o zdrowie swoich czworono\u017cnych przyjaci\u00f3\u0142 dzi\u0119ki profesjonalnemu wsparciu dietetyka zwierz\u0105t. Skontaktuj si\u0119 z nami ju\u017c dzi\u015b i odkryj, jak niewielkie zmiany w diecie mog\u0105 przynie\u015b\u0107 wielkie korzy\u015bci dla Twojego pupila!<\/p>\n<hr data-start=\"1410\" data-end=\"1413\" \/>\n<p data-start=\"1415\" data-end=\"1477\" data-is-last-node=\"\" data-is-only-node=\"\">Zapraszamy do kontaktu \u2013 razem zadbajmy o zdrowie Twojego psa!<\/p>\n\n\n<p><\/p>\n","protected":false},"excerpt":{"rendered":"<p>\\ Nasza Misja to dba\u0142o\u015b\u0107 o zdrowie twojego psa Witamy na stronie dedykowanej zdrowiu Twojego pupila! Jeste\u015bmy zespo\u0142em specjalist\u00f3w z zakresu dietetyki zwierz\u0105t, kt\u00f3rzy oferuj\u0105 indywidualne konsultacje i kompleksowe plany \u017cywieniowe dostosowane do potrzeb Twojego psa. Dlaczego warto skorzysta\u0107 z naszych us\u0142ug? Indywidualne podej\u015bcie: Ka\u017cdy pies jest inny. Nasz do\u015bwiadczony dietetyk zwierz\u0105t opracuje dla Ciebie [&hellip;]<\/p>\n","protected":false},"author":1,"featured_media":261,"parent":0,"menu_order":0,"comment_status":"closed","ping_status":"closed","template":"","meta":{"footnotes":""},"class_list":["post-251","page","type-page","status-publish","has-post-thumbnail","hentry"],"blocksy_meta":[],"_links":{"self":[{"href":"https:\/\/zywieniepsow.pl\/index.php\/wp-json\/wp\/v2\/pages\/251","targetHints":{"allow":["GET"]}}],"collection":[{"href":"https:\/\/zywieniepsow.pl\/index.php\/wp-json\/wp\/v2\/pages"}],"about":[{"href":"https:\/\/zywieniepsow.pl\/index.php\/wp-json\/wp\/v2\/types\/page"}],"author":[{"embeddable":true,"href":"https:\/\/zywieniepsow.pl\/index.php\/wp-json\/wp\/v2\/users\/1"}],"replies":[{"embeddable":true,"href":"https:\/\/zywieniepsow.pl\/index.php\/wp-json\/wp\/v2\/comments?post=251"}],"version-history":[{"count":30,"href":"https:\/\/zywieniepsow.pl\/index.php\/wp-json\/wp\/v2\/pages\/251\/revisions"}],"predecessor-version":[{"id":641,"href":"https:\/\/zywieniepsow.pl\/index.php\/wp-json\/wp\/v2\/pages\/251\/revisions\/641"}],"wp:featuredmedia":[{"embeddable":true,"href":"https:\/\/zywieniepsow.pl\/index.php\/wp-json\/wp\/v2\/media\/261"}],"wp:attachment":[{"href":"https:\/\/zywieniepsow.pl\/index.php\/wp-json\/wp\/v2\/media?parent=251"}],"curies":[{"name":"wp","href":"https:\/\/api.w.org\/{rel}","templated":true}]}}